{"id":1717,"date":"2024-12-27T16:52:27","date_gmt":"2024-12-27T16:52:27","guid":{"rendered":"https:\/\/visavisuk.com\/?page_id=1717"},"modified":"2025-05-27T15:15:27","modified_gmt":"2025-05-27T15:15:27","slug":"yesim-bahcekapili","status":"publish","type":"page","link":"https:\/\/visavisuk.com\/en\/yesim-bahcekapili\/","title":{"rendered":"Ye\u015fim Bah\u00e7ekap\u0131l\u0131"},"content":{"rendered":"\n<h2 class=\"wp-block-heading\" id=\"yesim-bahcekapili\">Ye\u015fim Bah\u00e7ekap\u0131l\u0131<\/h2>\n\n<h3 class=\"wp-block-heading\" id=\"avukat\">Lawyer<\/h3>\n\n<div style=\"height:20px\" aria-hidden=\"true\" class=\"wp-block-spacer\"><\/div>\n\n<div class=\"wp-block-columns is-layout-flex wp-container-core-columns-is-layout-28f84493 wp-block-columns-is-layout-flex\">\n<div class=\"wp-block-column is-layout-flow wp-block-column-is-layout-flow\" style=\"flex-basis:30%\">\n<div class=\"wp-block-greenshift-blocks-image gspb_image gspb_image-id-gsbp-a52c732\" id=\"gspb_image-id-gsbp-a52c732\"><img decoding=\"async\" src=\"https:\/\/visavisuk.com\/wp-content\/uploads\/2025\/02\/yesim-bahcekapili2.jpg\" data-src=\"\" alt=\"\" loading=\"lazy\" width=\"100%\" height=\"377\"><\/div>\n<\/div>\n\n\n\n<div class=\"wp-block-column is-layout-flow wp-block-column-is-layout-flow\" style=\"flex-basis:70%\">\n<p>Ye\u015fim Bah\u00e7ekap\u0131l\u0131 is a graduate of Anadolu University Faculty of Law, where she developed a broad legal knowledge base by specialising in various areas throughout her academic career.<\/p>\n\n\n\n<p>At Visavis Immigration, Bah\u00e7ekap\u0131l\u0131 works within the Sponsorship and Skilled Worker Visa Department, where she brings expert experience to the role. Her innovative and solution-oriented approach contributes to the improvement of workflows, effective process management, and enhanced client satisfaction. <\/p>\n\n\n\n<p>Fluent in English, she plays an active role in coordinating international projects. Known for her meticulous attention to detail, disciplined work ethic, and problem-solving mindset, Bah\u00e7ekap\u0131l\u0131 stands out in the management of legal procedures.<\/p>\n\n\n\n<p>For more information about Visavis Immigration\u2019s services or to contact Ye\u015fim Bah\u00e7ekap\u0131l\u0131, please email <a href=\"mailto:team@visavisuk.com\">team@visavisuk.com<\/a>.<\/p>\n<\/div>\n<\/div>\n\n<p><\/p>\n","protected":false},"excerpt":{"rendered":"<p>Lawyer<\/p>\n","protected":false},"author":2,"featured_media":1635,"parent":0,"menu_order":31,"comment_status":"closed","ping_status":"closed","template":"","meta":{"_acf_changed":false,"_gspb_post_css":"#gspb_image-id-gsbp-a52c732 img{vertical-align:top;display:inline-block;box-sizing:border-box;max-width:100%;border-top-left-radius:20px;border-top-right-radius:20px;border-bottom-right-radius:20px;border-bottom-left-radius:20px;width:100%;height:auto}#gspb_image-id-gsbp-a52c732{height:auto}@media (max-width:991.98px){#gspb_image-id-gsbp-a52c732,#gspb_image-id-gsbp-a52c732 img{height:auto}}@media (max-width:767.98px){#gspb_image-id-gsbp-a52c732,#gspb_image-id-gsbp-a52c732 img{height:auto}}@media (max-width:575.98px){#gspb_image-id-gsbp-a52c732,#gspb_image-id-gsbp-a52c732 img{height:auto}}","footnotes":""},"page-category":[],"class_list":["post-1717","page","type-page","status-publish","has-post-thumbnail","hentry"],"blocksy_meta":[],"acf":[],"_links":{"self":[{"href":"https:\/\/visavisuk.com\/en\/wp-json\/wp\/v2\/pages\/1717","targetHints":{"allow":["GET"]}}],"collection":[{"href":"https:\/\/visavisuk.com\/en\/wp-json\/wp\/v2\/pages"}],"about":[{"href":"https:\/\/visavisuk.com\/en\/wp-json\/wp\/v2\/types\/page"}],"author":[{"embeddable":true,"href":"https:\/\/visavisuk.com\/en\/wp-json\/wp\/v2\/users\/2"}],"replies":[{"embeddable":true,"href":"https:\/\/visavisuk.com\/en\/wp-json\/wp\/v2\/comments?post=1717"}],"version-history":[{"count":0,"href":"https:\/\/visavisuk.com\/en\/wp-json\/wp\/v2\/pages\/1717\/revisions"}],"wp:featuredmedia":[{"embeddable":true,"href":"https:\/\/visavisuk.com\/en\/wp-json\/wp\/v2\/media\/1635"}],"wp:attachment":[{"href":"https:\/\/visavisuk.com\/en\/wp-json\/wp\/v2\/media?parent=1717"}],"wp:term":[{"taxonomy":"page-category","embeddable":true,"href":"https:\/\/visavisuk.com\/en\/wp-json\/wp\/v2\/page-category?post=1717"}],"curies":[{"name":"wp","href":"https:\/\/api.w.org\/{rel}","templated":true}]}}