{"id":1780,"date":"2024-12-27T17:01:33","date_gmt":"2024-12-27T17:01:33","guid":{"rendered":"https:\/\/visavisuk.com\/uk-citizenship-application\/"},"modified":"2025-06-15T20:11:27","modified_gmt":"2025-06-15T20:11:27","slug":"uk-citizenship-application","status":"publish","type":"page","link":"https:\/\/visavisuk.com\/en\/uk-citizenship-application\/","title":{"rendered":"UK Citizenship Application"},"content":{"rendered":"\n<h2 class=\"wp-block-heading\" id=\"birlesik-krallik-vatandaslik-basvurusu\">Applying for British Citizenship:<\/h2>\n\n<p>British citizenship is considered one of the most prestigious citizenship statuses in the world. It provides full legal rights, freedom of movement, and access to social benefits within the United Kingdom. A detailed guide to UK citizenship application processes, requirements, naturalisation and registration methods, travel and residence rules. For example, those who have an indefinite residence permit (ILR), settled status or temporary settled status under the EU Settlement Programme can apply in different ways.<\/p>\n\n<p>If you qualify under more than one route, you are entitled to choose which one to pursue. However, it is essential that you continue to have legal permission to remain in the UK throughout your citizenship application process. ILR, settled status, or pre-settled status under the EU Settlement Scheme are all considered valid forms of legal residence. While the general deadline for applying to the EU Settlement Scheme was 30 June 2021, late applications may still be accepted if supported by reasonable grounds.   <\/p>\n\n<p>Being born in the UK does not automatically confer citizenship. This right depends on your date of birth and the immigration status of your parents at the time of your birth. Therefore, it is important to check whether you acquired citizenship automatically by birth. If not, you may still apply for citizenship through the appropriate route.   <\/p>\n\n<p>It is possible to travel while your citizenship application is being processed; however, you must ensure that your current visa or residence status remains valid. You must also remain within the permitted absence limits (e.g., no more than 90 days outside the UK in the last 12 months). Once your application is approved, you are required to attend a citizenship ceremony within three months. If you are planning an extended trip abroad, this timeframe should be taken into consideration. There are two most common pathways to British citizenship: <strong>Naturalisation<\/strong> and <strong>Registration<\/strong>. This guide will outline the eligibility criteria for each route and provide detailed guidance on how to apply.    <\/p>\n\n<h3 class=\"wp-block-heading\" id=\"naturalisation-yoluyla-birlesik-krallik-vatandasligi\">British Citizenship by Naturalisation<\/h3>\n\n<p>Naturalisation is a route through which adults who hold Indefinite Leave to Remain (ILR) or settled status under the EU Settlement Scheme may apply for British citizenship. This route is also available to individuals who are married to or in a civil partnership with a British citizen. <\/p>\n\n<h4 class=\"wp-block-heading\" id=\"birlesik-krallik-vatandasi-esiyle-evli-olanlar\">Applicants Married to a British Citizen<\/h4>\n\n<p>If you are married to or in a civil partnership with a British citizen, you may be eligible to apply for British citizenship. To qualify, you must meet the following requirements: <\/p>\n\n<ul class=\"wp-block-list\">\n<li>Be at least 18 years of age,<\/li>\n\n\n\n<li>Be at least 18 years old,<\/li>\n\n\n\n<li>Have lived in the United Kingdom for at least 3 years immediately before the date of your application, Hold one of the following: Indefinite Leave to Remain (ILR), settled status under the EU Settlement Scheme, or permanent residence in the United Kingdom.<\/li>\n<\/ul>\n\n<p><strong>Additional Criteria:<\/strong><\/p>\n\n<ul class=\"wp-block-list\">\n<li>You must have been physically present in the United Kingdom exactly three years before the date of your application.<\/li>\n\n\n\n<li>You must provide evidence of your English language proficiency at a minimum of <strong>B1 CEFR <\/strong>level.<\/li>\n\n\n\n<li>Have passed the Life in the UK Test, which assesses your knowledge of British history, culture, and values. This test is mandatory for both citizenship and ILR applications and requires a minimum passing score of 75%,  <\/li>\n\n\n\n<li>Demonstrate that you are of good character. This includes not having any serious criminal convictions, not having breached immigration laws, and generally adhering to ethical standards. <\/li>\n\n\n\n<li>You must have passed the Life in the UK test, which assesses your knowledge of British history, culture, and values. This test is mandatory for both citizenship and indefinite leave to remain applications and requires a minimum score of 75% to pass.  <\/li>\n<\/ul>\n\n<p>For further details and professional guidance, please contact us.<\/p>\n\n<h4 class=\"wp-block-heading\" id=\"suresiz-oturum-veya-yerlesik-statuye-sahip-olanlar\">Applicants with Indefinite Leave to Remain (ILR) or Settled Status<\/h4>\n\n<p>If you hold Indefinite Leave to Remain (ILR) or settled status in the United Kingdom, you may be eligible to apply for British citizenship. In order to apply, you must meet the following requirements: <\/p>\n\n<ul class=\"wp-block-list\">\n<li>Be at least 18 years of age,<\/li>\n\n\n\n<li>Have lived in the UK for the past 5 years prior to the date of your application. During this period, you must not have spent more than <strong>450 days<\/strong> outside the UK. Exceptions to this requirement may be considered if supported by compelling reasons, <\/li>\n\n\n\n<li>At least 12 months must have passed since you were granted ILR or settled status.<\/li>\n<\/ul>\n\n<p><strong>When submitting your application, you must also:<\/strong><\/p>\n\n<ul class=\"wp-block-list\">\n<li>Have been physically present in the UK exactly 5 years before the date of your application,<\/li>\n\n\n\n<li>Demonstrate English language proficiency at a minimum of <strong>B1 CEFR level.<\/strong> This can be proven through a Home Office-approved language test or a degree taught or researched in English, <\/li>\n\n\n\n<li>Have passed the Life in the UK Test, which assesses your knowledge of British history, culture, and values. This test is mandatory for both citizenship and ILR applications and requires a minimum passing score of 75%,  <\/li>\n\n\n\n<li>Provide references as part of your application. These must include one referee who is a professional and one who is a British citizen. Referees must not be related to you and must attest to your good character,  <\/li>\n\n\n\n<li>Demonstrate that you are of good character. This includes not having any serious criminal convictions, not having breached immigration laws, and generally adhering to ethical standards. <\/li>\n\n\n\n<li>You must not have spent more than 450 days outside the UK in the last 5 years, <\/li>\n<\/ul>\n\n<p>You must not have been absent from the UK for more than 90 days in the 12 months immediately preceding your application.<\/p>\n\n<h3 class=\"wp-block-heading\" id=\"registration-yoluyla-birlesik-krallik-vatandasligi\">British Citizenship by Registration<\/h3>\n\n<p><strong>Registration<\/strong> is a route to British citizenship typically available to individuals who may have acquired the right to citizenship by birth but have not yet exercised it. This pathway is particularly relevant for children under the age of 18. <\/p>\n\n<h4 class=\"wp-block-heading\" id=\"kimler-basvurabilir\">Who Can Apply?<\/h4>\n\n<ul class=\"wp-block-list\">\n<li>Children born in the United Kingdom on or after 1 January 1983, where neither parent was a British citizen nor held settled status at the time of birth, but where one parent later acquired British citizenship or settled status, may be eligible to apply.<\/li>\n\n\n\n<li>Children who have lived continuously in the United Kingdom for the first 10 years of their life may also qualify for registration.<\/li>\n<\/ul>\n\n<p>The application fee is \u00a31,481, and the average processing time is approximately 6 months.<\/p>\n\n<h3 class=\"wp-block-heading\" id=\"otomatik-vatandaslik-hakki\">Automatic Right to British Citizenship<\/h3>\n\n<p>Where one parent held British citizenship or Indefinite Leave to Remain (ILR) at the time of the child\u2019s birth, the child is automatically deemed a British citizen and does not need to apply for citizenship.<\/p>\n\n<h2 class=\"wp-block-heading\" id=\"vatandaslik-toreni\">Citizenship Ceremony:<\/h2>\n\n<p>Individuals who have applied for British citizenship, met all eligibility criteria, and been approved for citizenship are required to attend a citizenship ceremony to formally acquire their new status. During the ceremony, applicants must make an oath or affirmation of allegiance, pledging respect for the rights, freedoms, and laws of the United Kingdom. <\/p>\n\n<p>Ceremonies must be attended within 3 months of receiving the invitation letter issued by the Home Office. These events are typically conducted in groups but can also be arranged privately upon request. While the cost of a standard group ceremony is included in the application fee, an additional charge may apply for private ceremonies. At the ceremony, participants will receive a certificate of British citizenship along with a welcome pack.   <\/p>\n\n<p>Applicants residing overseas may, under specific circumstances, attend their ceremony at a British embassy or consulate. However, the timing and conditions set by the Home Office must be strictly followed for the ceremony to proceed. <\/p>\n\n<p>For tailored guidance and support regarding the UK citizenship application process, please contact us directly.<\/p>\n<style>#gspb_row-id-gsbp-2ccacd0{justify-content:space-between;margin-top:0;margin-bottom:0;display:flex;flex-wrap:wrap}#gspb_row-id-gsbp-2ccacd0>.gspb_row__content{display:flex;justify-content:space-between;margin:0 auto;width:100%;flex-wrap:wrap}.gspb_row{position:relative}div[id^=gspb_col-id]{box-sizing:border-box;position:relative;padding:var(--gs-row-column-padding,15px min(3vw,20px))}body.gspb-bodyfront #gspb_row-id-gsbp-2ccacd0>.gspb_row__content{width:var(--theme-container-width,1200px);max-width:var(--theme-normal-container-max-width,1200px)}#gspb_col-id-gsbp-1587940.gspb_row__col--12{width:100%}@media (max-width:689.98px){#gspb_col-id-gsbp-1587940.gspb_row__col--12{width:100%}}.gspb_row #gspb_col-id-gsbp-1587940.gspb_row__col--12{padding:30px}#gspb_col-id-gsbp-1587940.gspb_row__col--12{background-color:#fff}#gspb_heading-id-gsbp-035ed77{margin:20px 0;padding-bottom:10px;border-bottom-style:solid;border-bottom-width:2px;border-bottom-color:var(--wp--preset--color--palette-color-1,var(--theme-palette-color-1,#f38c21))}<\/style><style>#gspb_row-id-gsbp-2ccacd0{justify-content:space-between;margin-top:0;margin-bottom:0;display:flex;flex-wrap:wrap}#gspb_row-id-gsbp-2ccacd0>.gspb_row__content{display:flex;justify-content:space-between;margin:0 auto;width:100%;flex-wrap:wrap}.gspb_row{position:relative}div[id^=gspb_col-id]{box-sizing:border-box;position:relative;padding:var(--gs-row-column-padding,15px min(3vw,20px))}body.gspb-bodyfront #gspb_row-id-gsbp-2ccacd0>.gspb_row__content{width:var(--theme-container-width,1200px);max-width:var(--theme-normal-container-max-width,1200px)}#gspb_col-id-gsbp-1587940.gspb_row__col--12{width:100%}@media (max-width:689.98px){#gspb_col-id-gsbp-1587940.gspb_row__col--12{width:100%}}.gspb_row #gspb_col-id-gsbp-1587940.gspb_row__col--12{padding:30px}#gspb_col-id-gsbp-1587940.gspb_row__col--12{background-color:#fff}#gspb_heading-id-gsbp-035ed77{margin:20px 0;padding-bottom:10px;border-bottom-style:solid;border-bottom-width:2px;border-bottom-color:var(--wp--preset--color--palette-color-1,var(--theme-palette-color-1,#f38c21))}<\/style><style>#gspb_row-id-gsbp-2ccacd0{justify-content:space-between;margin-top:0px;margin-bottom:0px;display:flex;flex-wrap:wrap;}#gspb_row-id-gsbp-2ccacd0 > .gspb_row__content{display:flex;justify-content:space-between;margin:0 auto;width:100%;flex-wrap:wrap;}.gspb_row{position:relative;}div[id^=gspb_col-id]{box-sizing:border-box;position:relative;}div[id^=gspb_col-id]{padding:var(--gs-row-column-padding,15px min(3vw,20px));}body.gspb-bodyfront #gspb_row-id-gsbp-2ccacd0 > .gspb_row__content{width:var(--theme-container-width,1200px);}body.gspb-bodyfront #gspb_row-id-gsbp-2ccacd0 > .gspb_row__content{max-width:var(--theme-normal-container-max-width,1200px);}<\/style>\n<div class=\"wp-block-greenshift-blocks-row gspb_row gspb_row-id-gsbp-2ccacd0\" id=\"gspb_row-id-gsbp-2ccacd0\"><div class=\"gspb_row__content\"> <style>#gspb_col-id-gsbp-1587940.gspb_row__col--12{width:100%;}@media (max-width:689.98px){#gspb_col-id-gsbp-1587940.gspb_row__col--12{width:100%;}}.gspb_row #gspb_col-id-gsbp-1587940.gspb_row__col--12{padding-top:30px;padding-right:30px;padding-bottom:30px;padding-left:30px;}#gspb_col-id-gsbp-1587940.gspb_row__col--12{background-color:#ffffff;}<\/style>\n<div class=\"wp-block-greenshift-blocks-row-column gspb_row__col--12 gspb_col-id-gsbp-1587940\" id=\"gspb_col-id-gsbp-1587940\"><style>#gspb_heading-id-gsbp-035ed77{margin-top:20px;margin-right:0px;margin-bottom:20px;margin-left:0px;padding-bottom:10px;}#gspb_heading-id-gsbp-035ed77{border-bottom-style:solid;border-bottom-width:2px;border-bottom-color:var(--wp--preset--color--palette-color-1,var(--theme-palette-color-1,#f38c21));}<\/style>\n<h4 id=\"gspb_heading-id-gsbp-035ed77\" class=\"gspb_heading gspb_heading-id-gsbp-035ed77 \">Detayl\u0131 Bilgi Almak \u0130\u00e7in<\/h4>\n\n\n<div class='fluentform ff-inherit-theme-style fluentform_wrapper_1  ff_guten_block ff_guten_block-1'><form data-form_id=\"1\" id=\"fluentform_1\" class=\"frm-fluent-form fluent_form_1 ff-el-form-top ff_form_instance_1_1 ff-form-loading ff_has_v3_recptcha ffs_inherit_theme\" data-form_instance=\"ff_form_instance_1_1\" method=\"POST\" data-recptcha_key=\"6Ld2rdEqAAAAAMpE9ikQpfc0dR7RZ2gCfoEpraPQ\" ><fieldset  style=\"border: none!important;margin: 0!important;padding: 0!important;background-color: transparent!important;box-shadow: none!important;outline: none!important; min-inline-size: 100%;\">\n                    <legend class=\"ff_screen_reader_title\" style=\"display: block; margin: 0!important;padding: 0!important;height: 0!important;text-indent: -999999px;width: 0!important;overflow:hidden;\">Lead Form<\/legend><input type='hidden' name='__fluent_form_embded_post_id' value='1780' \/><input type=\"hidden\" id=\"_fluentform_1_fluentformnonce\" name=\"_fluentform_1_fluentformnonce\" value=\"2e7d0d4b28\" \/><input type=\"hidden\" name=\"_wp_http_referer\" value=\"\/en\/wp-json\/wp\/v2\/pages\/1780\" \/><div data-type=\"name-element\" data-name=\"names\" class=\" ff-field_container ff-name-field-wrapper\" ><div class='ff-t-container'><div class='ff-t-cell '><div class='ff-el-group'><div class=\"ff-el-input--label ff-el-is-required asterisk-right\"><label for='ff_1_names_first_name_' id='label_ff_1_names_first_name_' >Ad Soyad<\/label><\/div><div class='ff-el-input--content'><input type=\"text\" name=\"names[first_name]\" id=\"ff_1_names_first_name_\" class=\"ff-el-form-control\" placeholder=\"Ad Soyad\" aria-invalid=\"false\" aria-required=true><\/div><\/div><\/div><\/div><\/div><div data-name=\"ff_cn_id_1\"  class='ff-t-container ff-column-container ff_columns_total_2 '><div class='ff-t-cell ff-t-column-1' style='flex-basis: 50%;'><div class='ff-el-group'><div class=\"ff-el-input--label ff-el-is-required asterisk-right\"><label for='ff_1_numeric_field' id='label_ff_1_numeric_field' aria-label=\"Telefon (GSM) No\">Telefon (GSM) No<\/label><\/div><div class='ff-el-input--content'><input type=\"number\" name=\"numeric_field\" id=\"ff_1_numeric_field\" class=\"ff-el-form-control\" data-name=\"numeric_field\" inputmode=\"numeric\" step=\"any\"  aria-invalid=\"false\" aria-required=true><\/div><\/div><\/div><div class='ff-t-cell ff-t-column-2' style='flex-basis: 50%;'><div class='ff-el-group'><div class=\"ff-el-input--label ff-el-is-required asterisk-right\"><label for='ff_1_email' id='label_ff_1_email' aria-label=\"E-Posta Adresi\">E-Posta Adresi<\/label><\/div><div class='ff-el-input--content'><input type=\"email\" name=\"email\" id=\"ff_1_email\" class=\"ff-el-form-control\" placeholder=\"E-Posta Adresi\" data-name=\"email\"  aria-invalid=\"false\" aria-required=true><\/div><\/div><\/div><\/div><div class='ff-el-group ff-el-form-hide_label'><div class=\"ff-el-input--label ff-el-is-required asterisk-right\"><label for='ff_1_message' id='label_ff_1_message' aria-label=\"Mesaj\u0131n\u0131z\">Mesaj\u0131n\u0131z<\/label><\/div><div class='ff-el-input--content'><textarea aria-required=\"true\" aria-labelledby=\"label_ff_1_message\" name=\"message\" id=\"ff_1_message\" class=\"ff-el-form-control\" placeholder=\"Hizmet almak istedi\u011finiz servis t\u00fcr\u00fc ve ihtiyac\u0131n\u0131z hakk\u0131nda detayl\u0131 bilgi giriniz. Bu sayede size detayl\u0131 geri d\u00f6n\u00fc\u015f sa\u011flayabiliriz.\" rows=\"4\" cols=\"2\" data-name=\"message\" ><\/textarea><\/div><\/div><div class='ff-el-group    ff-el-input--content'><div class='ff-el-form-check ff-el-tc'><label aria-label='Terms and Conditions: Ki\u015fisel Verilerin \u0130\u015flenmesine \u0130li\u015fkin Ayd\u0131nlatma Metni\u2019ni okudum, anlad\u0131m ve kabul ediyorum. Contains 1 link. Use tab navigation to review.' class='ff-el-form-check-label ff_tc_label' for=gdpr-agreement_85308422a2b12d07a7a91ce4b2959cfd><span class='ff_tc_checkbox'><input type=\"checkbox\" name=\"gdpr-agreement\" class=\"ff-el-form-check-input ff_gdpr_field\" data-name=\"gdpr-agreement\" id=\"gdpr-agreement_85308422a2b12d07a7a91ce4b2959cfd\"  value='on' aria-invalid='false' aria-required=true><\/span> <div class='ff_t_c'><a href=\"\/kisisel-verilerin-korunmasina-iliskin-aydinlatma-metni\/\" target=\"_blank\" rel=\"noopener\">Ki\u015fisel Verilerin \u0130\u015flenmesine \u0130li\u015fkin Ayd\u0131nlatma Metni<\/a>\u2019ni okudum, anlad\u0131m ve kabul ediyorum.<\/div><\/label><\/div><\/div><div class='ff-el-group    ff-el-input--content'><div class='ff-el-form-check ff-el-tc'><label aria-label='Terms and Conditions: Ticari elektronik ileti g\u00f6nderilmesine ili\u015fkin A\u00e7\u0131k R\u0131za Metni\u2019ni okudum ve ileti almay\u0131 kabul ediyorum. Contains 1 link. Use tab navigation to review.' class='ff-el-form-check-label ff_tc_label' for=gdpr-agreement_1_ce41a5b46ada977f2b74ee4600473bfc><span class='ff_tc_checkbox'><input type=\"checkbox\" name=\"gdpr-agreement_1\" class=\"ff-el-form-check-input ff_gdpr_field\" data-name=\"gdpr-agreement_1\" id=\"gdpr-agreement_1_ce41a5b46ada977f2b74ee4600473bfc\"  value='on' aria-invalid='false' aria-required=true><\/span> <div class='ff_t_c'>Ticari elektronik ileti g\u00f6nderilmesine ili\u015fkin <a href=\"\/ticari-elektronik-ileti-gonderilmesine-iliskin-acik-riza-metni\/\" target=\"_blank\" rel=\"noopener\">A\u00e7\u0131k R\u0131za Metni<\/a>\u2019ni okudum ve ileti almay\u0131 kabul ediyorum.<\/div><\/label><\/div><\/div><input type=\"hidden\" name=\"hidden\" value=\"UK Citizenship Application\" data-name=\"hidden\" ><div class='ff-el-group ff-text-left ff_submit_btn_wrapper'><button type=\"submit\" class=\"ff-btn ff-btn-submit ff-btn-md ff_btn_no_style\"  aria-label=\"G\u00f6nder\">G\u00f6nder<\/button><\/div><\/fieldset><\/form><div id='fluentform_1_errors' class='ff-errors-in-stack ff_form_instance_1_1 ff-form-loading_errors ff_form_instance_1_1_errors'><\/div><\/div>            <script type=\"text\/javascript\">\n                window.fluent_form_ff_form_instance_1_1 = {\"id\":\"1\",\"settings\":{\"layout\":{\"labelPlacement\":\"top\",\"helpMessagePlacement\":\"with_label\",\"errorMessagePlacement\":\"inline\",\"cssClassName\":\"\",\"asteriskPlacement\":\"asterisk-right\"},\"restrictions\":{\"denyEmptySubmission\":{\"enabled\":false}}},\"form_instance\":\"ff_form_instance_1_1\",\"form_id_selector\":\"fluentform_1\",\"rules\":{\"names[first_name]\":{\"required\":{\"value\":true,\"message\":\"Bu alan zorunlu\",\"global\":true,\"global_message\":\"Bu alan zorunlu\"}},\"names[middle_name]\":{\"required\":{\"value\":false,\"message\":\"This field is required\",\"global\":false,\"global_message\":\"Bu alan zorunlu\"}},\"names[last_name]\":{\"required\":{\"value\":true,\"message\":\"Bu alan zorunlu\",\"global\":true,\"global_message\":\"Bu alan zorunlu\"}},\"numeric_field\":{\"required\":{\"value\":true,\"message\":\"Bu alan zorunlu\",\"global_message\":\"Bu alan zorunlu\",\"global\":true},\"numeric\":{\"value\":true,\"message\":\"Sadece say\\u0131sal veri girilebilir.\",\"global_message\":\"Sadece say\\u0131sal veri girilebilir.\",\"global\":true},\"min\":{\"value\":\"\",\"message\":\"Validation fails for minimum value\",\"global_message\":\"Validation fails for minimum value\",\"global\":true},\"max\":{\"value\":\"\",\"message\":\"Validation fails for maximum value\",\"global_message\":\"Validation fails for maximum value\",\"global\":true},\"digits\":{\"value\":\"\",\"message\":\"Validation fails for limited digits\",\"global_message\":\"Validation fails for limited digits\",\"global\":true}},\"email\":{\"required\":{\"value\":true,\"message\":\"Bu alan zorunlu\",\"global\":true,\"global_message\":\"Bu alan zorunlu\"},\"email\":{\"value\":true,\"message\":\"L\\u00fctfen e-posta adresinizi do\\u011fru formatta girin\",\"global\":true,\"global_message\":\"L\\u00fctfen e-posta adresinizi do\\u011fru formatta girin\"}},\"message\":{\"required\":{\"value\":true,\"message\":\"This field is required\",\"global\":false,\"global_message\":\"Bu alan zorunlu\"}},\"gdpr-agreement\":{\"required\":{\"value\":true,\"message\":\"Sizinle ileti\\u015fime ge\\u00e7ebilmemiz i\\u00e7in ki\\u015fisel verilerinizin i\\u015flenmesine izin vermelisiniz.\",\"global_message\":\"Bu alan zorunlu\",\"global\":false}},\"gdpr-agreement_1\":{\"required\":{\"value\":true,\"message\":\"Sizinle ileti\\u015fime ge\\u00e7ebilmemiz i\\u00e7in a\\u00e7\\u0131k r\\u0131za metnini kabul etmelisiniz.\",\"global_message\":\"Bu alan zorunlu\",\"global\":false}},\"g-recaptcha-response\":[]},\"debounce_time\":300};\n                            <\/script>\n            <\/div>\n <\/div><\/div>\n","protected":false},"excerpt":{"rendered":"<p>British citizenship is considered one of the most prestigious citizenship statuses in the world. It provides full legal rights, freedom of movement, and access to social benefits within the United Kingdom.<\/p>\n","protected":false},"author":2,"featured_media":1651,"parent":0,"menu_order":2,"comment_status":"closed","ping_status":"closed","template":"","meta":{"_acf_changed":false,"_gspb_post_css":"","footnotes":""},"page-category":[65],"class_list":["post-1780","page","type-page","status-publish","has-post-thumbnail","hentry","page-category-settlement"],"blocksy_meta":[],"acf":[],"_links":{"self":[{"href":"https:\/\/visavisuk.com\/en\/wp-json\/wp\/v2\/pages\/1780","targetHints":{"allow":["GET"]}}],"collection":[{"href":"https:\/\/visavisuk.com\/en\/wp-json\/wp\/v2\/pages"}],"about":[{"href":"https:\/\/visavisuk.com\/en\/wp-json\/wp\/v2\/types\/page"}],"author":[{"embeddable":true,"href":"https:\/\/visavisuk.com\/en\/wp-json\/wp\/v2\/users\/2"}],"replies":[{"embeddable":true,"href":"https:\/\/visavisuk.com\/en\/wp-json\/wp\/v2\/comments?post=1780"}],"version-history":[{"count":0,"href":"https:\/\/visavisuk.com\/en\/wp-json\/wp\/v2\/pages\/1780\/revisions"}],"wp:featuredmedia":[{"embeddable":true,"href":"https:\/\/visavisuk.com\/en\/wp-json\/wp\/v2\/media\/1651"}],"wp:attachment":[{"href":"https:\/\/visavisuk.com\/en\/wp-json\/wp\/v2\/media?parent=1780"}],"wp:term":[{"taxonomy":"page-category","embeddable":true,"href":"https:\/\/visavisuk.com\/en\/wp-json\/wp\/v2\/page-category?post=1780"}],"curies":[{"name":"wp","href":"https:\/\/api.w.org\/{rel}","templated":true}]}}