{"id":1791,"date":"2025-02-05T20:57:31","date_gmt":"2025-02-05T20:57:31","guid":{"rendered":"https:\/\/visavisuk.com\/who-we-are\/"},"modified":"2025-11-10T08:52:33","modified_gmt":"2025-11-10T08:52:33","slug":"who-we-are","status":"publish","type":"page","link":"https:\/\/visavisuk.com\/en\/who-we-are\/","title":{"rendered":"Who We Are?"},"content":{"rendered":"\n<div class=\"wp-block-greenshift-blocks-container gspb_container gspb_container-gsbp-e11cb3d\" id=\"gspb_container-id-gsbp-e11cb3d\">\n<div class=\"wp-block-greenshift-blocks-container gspb_container gspb_container-gsbp-7157bdf\" id=\"gspb_container-id-gsbp-7157bdf\">\n<div class=\"wp-block-stackable-columns stk-block-columns stk-block stk-fae776a\" data-block-id=\"fae776a\"><div class=\"stk-row stk-inner-blocks stk-block-content stk-content-align stk-fae776a-column\">\n<div class=\"wp-block-stackable-column stk-block-column stk-column stk-block stk-50539a4\" data-v=\"4\" data-block-id=\"50539a4\"><div class=\"stk-column-wrapper stk-block-column__content stk-container stk-50539a4-container stk--no-background stk--no-padding\"><div class=\"stk-block-content stk-inner-blocks stk-50539a4-inner-blocks\">\n<div class=\"wp-block-stackable-team-member stk-block-team-member stk-block stk-f8c234f stk-block-background is-style-plain\" data-v=\"2\" data-block-id=\"f8c234f\"><style>.stk-f8c234f {border-top-left-radius:30px !important;border-top-right-radius:30px !important;border-bottom-right-radius:30px !important;border-bottom-left-radius:30px !important;overflow:hidden !important;}<\/style><div class=\"stk-block-team-member__content stk-content-align stk-f8c234f-column stk-container stk-f8c234f-container stk--no-background stk--no-padding\"><div class=\"stk-block-content stk-inner-blocks has-text-align-left stk-f8c234f-inner-blocks\">\n<div class=\"wp-block-stackable-image stk-block-image stk-block stk-8cc0ffe\" data-block-id=\"8cc0ffe\"><style>.stk-8cc0ffe .stk-img-wrapper{aspect-ratio:1\/1 !important;height:auto !important;}.stk-8cc0ffe .stk-img-wrapper img{filter:blur(0px) !important;transform:scale(1) !important;border-radius:20px !important;object-position:50% 0% !important;}@media screen and (max-width:999px){.stk-8cc0ffe .stk-img-wrapper{height:auto !important;}}@media screen and (max-width:689px){.stk-8cc0ffe .stk-img-wrapper{height:auto !important;}}<\/style><figure><span class=\"stk-img-wrapper stk-image--shape-stretch stk--has-lightbox\"><img loading=\"lazy\" decoding=\"async\" class=\"stk-img wp-image-1278\" src=\"https:\/\/visavisuk.com\/wp-content\/uploads\/2025\/02\/huseyin-arslan-new-photo.jpg\" width=\"263\" height=\"377\" srcset=\"https:\/\/visavisuk.com\/wp-content\/uploads\/2025\/02\/huseyin-arslan-new-photo.jpg 263w, https:\/\/visavisuk.com\/wp-content\/uploads\/2025\/02\/huseyin-arslan-new-photo-209x300.jpg 209w\" sizes=\"auto, (max-width: 263px) 100vw, 263px\" \/><\/span><\/figure><\/div>\n\n\n\n<div class=\"wp-block-stackable-heading stk-block-heading stk-block-heading--v2 stk-block stk-70563ea\" id=\"huseyin-arslan\" data-block-id=\"70563ea\"><style>.stk-70563ea {margin-bottom:12px !important;}<\/style><h3 class=\"stk-block-heading__text has-text-align-center\">H\u00fcseyin Arslan<\/h3><\/div>\n\n\n\n<div class=\"wp-block-stackable-subtitle stk-block-subtitle stk-block stk-79d3112\" data-block-id=\"79d3112\"><style>.stk-79d3112 .stk-block-subtitle__text{font-size:17px !important;}@media screen and (max-width:999px){.stk-79d3112 .stk-block-subtitle__text{font-size:17px !important;}}<\/style><p class=\"stk-block-subtitle__text stk-subtitle has-text-align-center\">Kurucu &amp; G\u00f6\u00e7menlik Hukuku Dan\u0131\u015fman\u0131 &#8211; IAA Level 1 Immigration Adviser | ILPA \u00dcyesi<\/p><\/div>\n<\/div><a class=\"stk-link stk-block-link stk--transparent-overlay\" href=\"https:\/\/visavisuk.com\/en\/huseyin-arslan\/\" aria-hidden=\"true\" tabindex=\"-1\"><\/a><\/div><\/div>\n<\/div><\/div><\/div>\n<\/div><\/div>\n<\/div>\n\n\n\n<div class=\"wp-block-greenshift-blocks-container gspb_container gspb_container-gsbp-b6e3331\" id=\"gspb_container-id-gsbp-b6e3331\">\n<div class=\"wp-block-stackable-team-member stk-block-team-member stk-block stk-a958e7c stk-block-background is-style-plain\" data-v=\"2\" data-block-id=\"a958e7c\"><style>.stk-a958e7c {border-top-left-radius:30px !important;border-top-right-radius:30px !important;border-bottom-right-radius:30px !important;border-bottom-left-radius:30px !important;overflow:hidden !important;}<\/style><div class=\"stk-block-team-member__content stk-content-align stk-a958e7c-column stk-container stk-a958e7c-container stk--no-background stk--no-padding\"><div class=\"stk-block-content stk-inner-blocks has-text-align-left stk-a958e7c-inner-blocks\">\n<div class=\"wp-block-stackable-image stk-block-image stk-block stk-707b6d5\" data-block-id=\"707b6d5\"><style>.stk-707b6d5 .stk-img-wrapper{aspect-ratio:1\/1 !important;height:auto !important;}.stk-707b6d5 .stk-img-wrapper img{border-radius:20px !important;object-position:50% 0% !important;}@media screen and (max-width:999px){.stk-707b6d5 .stk-img-wrapper{height:auto !important;}}@media screen and (max-width:689px){.stk-707b6d5 .stk-img-wrapper{height:auto !important;}}<\/style><figure><span class=\"stk-img-wrapper stk-image--shape-stretch\"><img loading=\"lazy\" decoding=\"async\" class=\"stk-img wp-image-1296\" src=\"https:\/\/visavisuk.com\/wp-content\/uploads\/2025\/02\/beril-gurdap-photo.jpg\" width=\"263\" height=\"377\" srcset=\"https:\/\/visavisuk.com\/wp-content\/uploads\/2025\/02\/beril-gurdap-photo.jpg 263w, https:\/\/visavisuk.com\/wp-content\/uploads\/2025\/02\/beril-gurdap-photo-209x300.jpg 209w\" sizes=\"auto, (max-width: 263px) 100vw, 263px\" \/><\/span><\/figure><\/div>\n\n\n\n<div class=\"wp-block-stackable-heading stk-block-heading stk-block-heading--v2 stk-block stk-6fd56bb\" id=\"beril-gurdap\" data-block-id=\"6fd56bb\"><style>.stk-6fd56bb {margin-bottom:12px !important;}<\/style><h3 class=\"stk-block-heading__text has-text-align-center\">Beril G\u00fcrdap<\/h3><\/div>\n\n\n\n<div class=\"wp-block-stackable-subtitle stk-block-subtitle stk-block stk-d2c92ae\" data-block-id=\"d2c92ae\"><style>.stk-d2c92ae .stk-block-subtitle__text{font-size:17px !important;}@media screen and (max-width:999px){.stk-d2c92ae .stk-block-subtitle__text{font-size:17px !important;}}<\/style><p class=\"stk-block-subtitle__text stk-subtitle has-text-align-center\">Business Support Manager <\/p><\/div>\n<\/div><a class=\"stk-link stk-block-link stk--transparent-overlay\" href=\"https:\/\/visavisuk.com\/en\/beril-gurdap\/\" aria-hidden=\"true\" tabindex=\"-1\"><\/a><\/div><\/div>\n<\/div>\n\n\n\n<div class=\"wp-block-greenshift-blocks-container gspb_container gspb_container-gsbp-bbba3ed\" id=\"gspb_container-id-gsbp-bbba3ed\">\n<div class=\"wp-block-stackable-team-member stk-block-team-member stk-block stk-ed33589 stk-block-background is-style-plain\" data-v=\"2\" data-block-id=\"ed33589\"><style>.stk-ed33589 {border-top-left-radius:30px !important;border-top-right-radius:30px !important;border-bottom-right-radius:30px !important;border-bottom-left-radius:30px !important;overflow:hidden !important;}<\/style><div class=\"stk-block-team-member__content stk-content-align stk-ed33589-column stk-container stk-ed33589-container stk--no-background stk--no-padding\"><div class=\"stk-block-content stk-inner-blocks has-text-align-left stk-ed33589-inner-blocks\">\n<div class=\"wp-block-stackable-image stk-block-image stk-block stk-e1257a3\" data-block-id=\"e1257a3\"><style>.stk-e1257a3 .stk-img-wrapper{aspect-ratio:1\/1 !important;height:auto !important;}.stk-e1257a3 .stk-img-wrapper img{border-radius:20px !important;object-position:50% 0% !important;}@media screen and (max-width:999px){.stk-e1257a3 .stk-img-wrapper{height:auto !important;}}@media screen and (max-width:689px){.stk-e1257a3 .stk-img-wrapper{height:auto !important;}}<\/style><figure><span class=\"stk-img-wrapper stk-image--shape-stretch\"><img loading=\"lazy\" decoding=\"async\" class=\"stk-img wp-image-1299\" src=\"https:\/\/visavisuk.com\/wp-content\/uploads\/2025\/02\/lutfiye-melike-cakmak-photo.jpg\" width=\"263\" height=\"377\" srcset=\"https:\/\/visavisuk.com\/wp-content\/uploads\/2025\/02\/lutfiye-melike-cakmak-photo.jpg 263w, https:\/\/visavisuk.com\/wp-content\/uploads\/2025\/02\/lutfiye-melike-cakmak-photo-209x300.jpg 209w\" sizes=\"auto, (max-width: 263px) 100vw, 263px\" \/><\/span><\/figure><\/div>\n\n\n\n<div class=\"wp-block-stackable-heading stk-block-heading stk-block-heading--v2 stk-block stk-05a736b\" id=\"l-melike-cakmak\" data-block-id=\"05a736b\"><style>.stk-05a736b {margin-bottom:12px !important;}<\/style><h3 class=\"stk-block-heading__text has-text-align-center\">L. Melike \u00c7akmak<\/h3><\/div>\n\n\n\n<div class=\"wp-block-stackable-subtitle stk-block-subtitle stk-block stk-e910203\" data-block-id=\"e910203\"><style>.stk-e910203 .stk-block-subtitle__text{font-size:17px !important;}@media screen and (max-width:999px){.stk-e910203 .stk-block-subtitle__text{font-size:17px !important;}}<\/style><p class=\"stk-block-subtitle__text stk-subtitle has-text-align-center\">Lawyer<\/p><\/div>\n<\/div><a class=\"stk-link stk-block-link stk--transparent-overlay\" href=\"\/en\/?page_id=1721\" aria-hidden=\"true\" tabindex=\"-1\"><\/a><\/div><\/div>\n<\/div>\n\n\n\n<div class=\"wp-block-greenshift-blocks-container gspb_container gspb_container-gsbp-1062c9e\" id=\"gspb_container-id-gsbp-1062c9e\">\n<div class=\"wp-block-stackable-team-member stk-block-team-member stk-block stk-2ac820e stk-block-background is-style-plain\" data-v=\"2\" data-block-id=\"2ac820e\"><style>.stk-2ac820e {border-top-left-radius:30px !important;border-top-right-radius:30px !important;border-bottom-right-radius:30px !important;border-bottom-left-radius:30px !important;overflow:hidden !important;}<\/style><div class=\"stk-block-team-member__content stk-content-align stk-2ac820e-column stk-container stk-2ac820e-container stk--no-background stk--no-padding\"><div class=\"stk-block-content stk-inner-blocks has-text-align-left stk-2ac820e-inner-blocks\">\n<div class=\"wp-block-stackable-image stk-block-image stk-block stk-02069ae\" data-block-id=\"02069ae\"><style>.stk-02069ae .stk-img-wrapper{aspect-ratio:1\/1 !important;height:auto !important;}.stk-02069ae .stk-img-wrapper img{border-radius:20px !important;object-position:50% 15% !important;}@media screen and (max-width:999px){.stk-02069ae .stk-img-wrapper{height:auto !important;}}@media screen and (max-width:689px){.stk-02069ae .stk-img-wrapper{height:auto !important;}}<\/style><figure><span class=\"stk-img-wrapper stk-image--shape-stretch\"><img loading=\"lazy\" decoding=\"async\" class=\"stk-img wp-image-1303\" src=\"https:\/\/visavisuk.com\/wp-content\/uploads\/2025\/02\/yesim-bahcekapili2.jpg\" width=\"263\" height=\"377\" srcset=\"https:\/\/visavisuk.com\/wp-content\/uploads\/2025\/02\/yesim-bahcekapili2.jpg 263w, https:\/\/visavisuk.com\/wp-content\/uploads\/2025\/02\/yesim-bahcekapili2-209x300.jpg 209w\" sizes=\"auto, (max-width: 263px) 100vw, 263px\" \/><\/span><\/figure><\/div>\n\n\n\n<div class=\"wp-block-stackable-heading stk-block-heading stk-block-heading--v2 stk-block stk-416342c\" id=\"yesim-bahcekapili\" data-block-id=\"416342c\"><style>.stk-416342c {margin-bottom:12px !important;}<\/style><h3 class=\"stk-block-heading__text has-text-align-center\">Ye\u015fim Bah\u00e7ekap\u0131l\u0131<\/h3><\/div>\n\n\n\n<div class=\"wp-block-stackable-subtitle stk-block-subtitle stk-block stk-36013af\" data-block-id=\"36013af\"><style>.stk-36013af .stk-block-subtitle__text{font-size:17px !important;}@media screen and (max-width:999px){.stk-36013af .stk-block-subtitle__text{font-size:17px !important;}}<\/style><p class=\"stk-block-subtitle__text stk-subtitle has-text-align-center\">Lawyer<\/p><\/div>\n<\/div><a class=\"stk-link stk-block-link stk--transparent-overlay\" href=\"\/en\/?page_id=1717\" aria-hidden=\"true\" tabindex=\"-1\"><\/a><\/div><\/div>\n<\/div>\n\n\n\n<div class=\"wp-block-greenshift-blocks-container gspb_container gspb_container-gsbp-46b25a2\" id=\"gspb_container-id-gsbp-46b25a2\">\n<div class=\"wp-block-stackable-team-member stk-block-team-member stk-block stk-9a8a319 stk-block-background is-style-plain\" data-v=\"2\" data-block-id=\"9a8a319\"><style>.stk-9a8a319 {border-top-left-radius:30px !important;border-top-right-radius:30px !important;border-bottom-right-radius:30px !important;border-bottom-left-radius:30px !important;overflow:hidden !important;}<\/style><div class=\"stk-block-team-member__content stk-content-align stk-9a8a319-column stk-container stk-9a8a319-container stk--no-background stk--no-padding\"><div class=\"stk-block-content stk-inner-blocks has-text-align-left stk-9a8a319-inner-blocks\">\n<div class=\"wp-block-stackable-image stk-block-image stk-block stk-06ae775\" data-block-id=\"06ae775\"><style>.stk-06ae775 .stk-img-wrapper{aspect-ratio:1\/1 !important;height:auto !important;}.stk-06ae775 .stk-img-wrapper img{border-radius:20px !important;object-position:50% 20% !important;}@media screen and (max-width:999px){.stk-06ae775 .stk-img-wrapper{height:auto !important;}}@media screen and (max-width:689px){.stk-06ae775 .stk-img-wrapper{height:auto !important;}}<\/style><figure><span class=\"stk-img-wrapper stk-image--shape-stretch\"><img loading=\"lazy\" decoding=\"async\" class=\"stk-img wp-image-1306\" src=\"https:\/\/visavisuk.com\/wp-content\/uploads\/2025\/02\/billur-mucuroglu2.jpg\" width=\"263\" height=\"377\" srcset=\"https:\/\/visavisuk.com\/wp-content\/uploads\/2025\/02\/billur-mucuroglu2.jpg 263w, https:\/\/visavisuk.com\/wp-content\/uploads\/2025\/02\/billur-mucuroglu2-209x300.jpg 209w\" sizes=\"auto, (max-width: 263px) 100vw, 263px\" \/><\/span><\/figure><\/div>\n\n\n\n<div class=\"wp-block-stackable-heading stk-block-heading stk-block-heading--v2 stk-block stk-c047552\" id=\"billur-mucuroglu\" data-block-id=\"c047552\"><style>.stk-c047552 {margin-bottom:12px !important;}<\/style><h3 class=\"stk-block-heading__text has-text-align-center\">Billur Mucuro\u011flu<\/h3><\/div>\n\n\n\n<div class=\"wp-block-stackable-subtitle stk-block-subtitle stk-block stk-3952cbb\" data-block-id=\"3952cbb\"><style>.stk-3952cbb .stk-block-subtitle__text{font-size:17px !important;}@media screen and (max-width:999px){.stk-3952cbb .stk-block-subtitle__text{font-size:17px !important;}}<\/style><p class=\"stk-block-subtitle__text stk-subtitle has-text-align-center\">Lawyer<\/p><\/div>\n<\/div><a class=\"stk-link stk-block-link stk--transparent-overlay\" href=\"\/en\/?page_id=1723\" aria-hidden=\"true\" tabindex=\"-1\"><\/a><\/div><\/div>\n<\/div>\n\n\n\n<div class=\"wp-block-greenshift-blocks-container gspb_container gspb_container-gsbp-a90d7ec\" id=\"gspb_container-id-gsbp-a90d7ec\">\n<div class=\"wp-block-stackable-team-member stk-block-team-member stk-block stk-1ffad04 stk-block-background is-style-plain\" data-v=\"2\" data-block-id=\"1ffad04\"><style>.stk-1ffad04 {border-top-left-radius:30px !important;border-top-right-radius:30px !important;border-bottom-right-radius:30px !important;border-bottom-left-radius:30px !important;overflow:hidden !important;}<\/style><div class=\"stk-block-team-member__content stk-content-align stk-1ffad04-column stk-container stk-1ffad04-container stk--no-background stk--no-padding\"><div class=\"stk-block-content stk-inner-blocks has-text-align-left stk-1ffad04-inner-blocks\">\n<div class=\"wp-block-stackable-image stk-block-image stk-block stk-29bffe0\" data-block-id=\"29bffe0\"><style>.stk-29bffe0 .stk-img-wrapper{aspect-ratio:1\/1 !important;height:auto !important;}.stk-29bffe0 .stk-img-wrapper img{border-radius:20px !important;object-position:50% 0% !important;}@media screen and (max-width:999px){.stk-29bffe0 .stk-img-wrapper{height:auto !important;}}@media screen and (max-width:689px){.stk-29bffe0 .stk-img-wrapper{height:auto !important;}}<\/style><figure><span class=\"stk-img-wrapper stk-image--shape-stretch\"><img loading=\"lazy\" decoding=\"async\" class=\"stk-img wp-image-1309\" src=\"https:\/\/visavisuk.com\/wp-content\/uploads\/2025\/02\/danyela-uyar.jpg\" width=\"263\" height=\"377\" srcset=\"https:\/\/visavisuk.com\/wp-content\/uploads\/2025\/02\/danyela-uyar.jpg 263w, https:\/\/visavisuk.com\/wp-content\/uploads\/2025\/02\/danyela-uyar-209x300.jpg 209w\" sizes=\"auto, (max-width: 263px) 100vw, 263px\" \/><\/span><\/figure><\/div>\n\n\n\n<div class=\"wp-block-stackable-heading stk-block-heading stk-block-heading--v2 stk-block stk-b6530e6\" id=\"danyela-canet-uyar\" data-block-id=\"b6530e6\"><style>.stk-b6530e6 {margin-bottom:12px !important;}<\/style><h3 class=\"stk-block-heading__text has-text-align-center\">Danyela Canet Uyar<\/h3><\/div>\n\n\n\n<div class=\"wp-block-stackable-subtitle stk-block-subtitle stk-block stk-bc405a4\" data-block-id=\"bc405a4\"><style>.stk-bc405a4 .stk-block-subtitle__text{font-size:17px !important;}@media screen and (max-width:999px){.stk-bc405a4 .stk-block-subtitle__text{font-size:17px !important;}}<\/style><p class=\"stk-block-subtitle__text stk-subtitle has-text-align-center\">Administrative Affairs Manager<\/p><\/div>\n<\/div><a class=\"stk-link stk-block-link stk--transparent-overlay\" href=\"\/en\/?page_id=1709\" aria-hidden=\"true\" tabindex=\"-1\"><\/a><\/div><\/div>\n<\/div>\n<\/div>\n\n\n\n<p><\/p>\n","protected":false},"excerpt":{"rendered":"","protected":false},"author":2,"featured_media":1635,"parent":0,"menu_order":0,"comment_status":"closed","ping_status":"closed","template":"","meta":{"_acf_changed":false,"_gspb_post_css":".gspb_container-id-gsbp-1062c9e,.gspb_container-id-gsbp-46b25a2,.gspb_container-id-gsbp-7157bdf,.gspb_container-id-gsbp-a90d7ec,.gspb_container-id-gsbp-b6e3331,.gspb_container-id-gsbp-bbba3ed,.gspb_container-id-gsbp-e11cb3d{flex-direction:column;box-sizing:border-box}#gspb_container-id-gsbp-1062c9e.gspb_container>p:last-of-type,#gspb_container-id-gsbp-46b25a2.gspb_container>p:last-of-type,#gspb_container-id-gsbp-7157bdf.gspb_container>p:last-of-type,#gspb_container-id-gsbp-a90d7ec.gspb_container>p:last-of-type,#gspb_container-id-gsbp-b6e3331.gspb_container>p:last-of-type,#gspb_container-id-gsbp-bbba3ed.gspb_container>p:last-of-type,#gspb_container-id-gsbp-e11cb3d.gspb_container>p:last-of-type{margin-bottom:0}#gspb_container-id-gsbp-e11cb3d.gspb_container{position:relative;display:grid;grid-template-columns:repeat(3,minmax(0,1fr));row-gap:20px;column-gap:20px}@media (max-width:575.98px){#gspb_container-id-gsbp-e11cb3d.gspb_container{grid-template-columns:repeat(1,minmax(0,1fr))}}#gspb_container-id-gsbp-1062c9e.gspb_container,#gspb_container-id-gsbp-46b25a2.gspb_container,#gspb_container-id-gsbp-7157bdf.gspb_container,#gspb_container-id-gsbp-a90d7ec.gspb_container,#gspb_container-id-gsbp-b6e3331.gspb_container,#gspb_container-id-gsbp-bbba3ed.gspb_container{position:relative}","footnotes":""},"page-category":[74],"class_list":["post-1791","page","type-page","status-publish","has-post-thumbnail","hentry","page-category-about-us"],"blocksy_meta":[],"acf":[],"_links":{"self":[{"href":"https:\/\/visavisuk.com\/en\/wp-json\/wp\/v2\/pages\/1791","targetHints":{"allow":["GET"]}}],"collection":[{"href":"https:\/\/visavisuk.com\/en\/wp-json\/wp\/v2\/pages"}],"about":[{"href":"https:\/\/visavisuk.com\/en\/wp-json\/wp\/v2\/types\/page"}],"author":[{"embeddable":true,"href":"https:\/\/visavisuk.com\/en\/wp-json\/wp\/v2\/users\/2"}],"replies":[{"embeddable":true,"href":"https:\/\/visavisuk.com\/en\/wp-json\/wp\/v2\/comments?post=1791"}],"version-history":[{"count":0,"href":"https:\/\/visavisuk.com\/en\/wp-json\/wp\/v2\/pages\/1791\/revisions"}],"wp:featuredmedia":[{"embeddable":true,"href":"https:\/\/visavisuk.com\/en\/wp-json\/wp\/v2\/media\/1635"}],"wp:attachment":[{"href":"https:\/\/visavisuk.com\/en\/wp-json\/wp\/v2\/media?parent=1791"}],"wp:term":[{"taxonomy":"page-category","embeddable":true,"href":"https:\/\/visavisuk.com\/en\/wp-json\/wp\/v2\/page-category?post=1791"}],"curies":[{"name":"wp","href":"https:\/\/api.w.org\/{rel}","templated":true}]}}